{"id":116,"date":"2021-02-05T22:01:59","date_gmt":"2021-02-05T21:01:59","guid":{"rendered":"https:\/\/cl-balance.de\/?page_id=116"},"modified":"2026-02-22T11:25:17","modified_gmt":"2026-02-22T10:25:17","slug":"angebot-3","status":"publish","type":"page","link":"https:\/\/cl-balance.de\/?page_id=116","title":{"rendered":"Einzelstunde"},"content":{"rendered":"<h3><span style=\"color: #ff9900;\">Einzelsessions Craniosacrale Resonanz\/ Einzelstunden Alexandertechnik\/Traumasensibles Coaching<\/span><\/h3>\n\n\n<p><strong>Einzelsessions in craniosacraler Resonanz<\/strong><\/p>\n<p>Eine Einzelstunde dauert 90 bis 120 Minuten incl. Vor- und Nachgespr\u00e4ch.<\/p>\n<p>Kosten. 90 bis 120 Euro pro Einheit<\/p>\n<p>\u00a0<\/p>\n<p><strong>Einzelstunden in Alexandertechnik:<\/strong><\/p>\n<p>\u00a0<\/p>\n<p>Einzelstunde: 60 Minuten f\u00fcr 60 Euro<\/p>\n<p>Paket \u00e0 5 Stunden f\u00fcr 280 Euro<\/p>\n<p>\u00a0<\/p>\n<p>\u00a0<\/p>\n<p><strong>Wochenangebot Personal Retreat<\/strong><img loading=\"lazy\" decoding=\"async\" class=\" wp-image-569 alignright\" src=\"https:\/\/cl-balance.de\/wp-content\/uploads\/2021\/02\/USWK4485-e1613978083981-259x300.jpg\" alt=\"\" width=\"355\" height=\"411\" srcset=\"https:\/\/cl-balance.de\/wp-content\/uploads\/2021\/02\/USWK4485-e1613978083981-259x300.jpg 259w, https:\/\/cl-balance.de\/wp-content\/uploads\/2021\/02\/USWK4485-e1613978083981-884x1024.jpg 884w, https:\/\/cl-balance.de\/wp-content\/uploads\/2021\/02\/USWK4485-e1613978083981-768x889.jpg 768w, https:\/\/cl-balance.de\/wp-content\/uploads\/2021\/02\/USWK4485-e1613978083981.jpg 1025w\" sizes=\"auto, (max-width: 355px) 100vw, 355px\" \/><br \/><strong>Art:<\/strong> Individuelle Begleitung: 5 mal t\u00e4glich von Mittwoch bis Sonntag<br \/><strong>Zeit:<\/strong> t\u00e4glich ca. 2 Stunden nach Absprache<br \/><strong>Datum:<\/strong> jederzeit buchbar nach Anfrage<br \/><strong>Kosten:<\/strong> f\u00fcr eine Woche 600 Euro<br \/><strong>Ort:<\/strong> nach Absprache, in der Natur und in meinem privaten Praxisraum<\/p>\n\n\n\n<p><strong>Nehmen Sie sich Ihre pers\u00f6nliche Auszeit!<\/strong><\/p>\n\n\n\n<p>Das Retreat wird pers\u00f6nlich auf Ihre Bed\u00fcrfnisse zugeschnitten und bietet Gelegenheit, aus dem Alltagstrott auszutreten und tiefe Entspannung zu erleben, den Kopf freizubekommen von zerm\u00fcrbenden Gedanken und in andere Dimensionen des Seins einzutauchen.<\/p>\n<p>Ich gestalte einen achtsamen und sicheren Raum, in dem Sie das Tempo und die Vorgehensweise bestimmen, wobei ich ihnen beratend zur Seite stehen.<\/p>\n\n\n\n<p>Mit Sessions auf der Liege, beim Wandern, Gehen und Sehen, beim Radeln,\u00a0 im Kontakt mit meiner lieben Islandpferdestute Kn\u00e1.<\/p>\n\n\n\n<p>Sie werden ausspannen und Alltagsbewegungen neu entdecken. Ich gestalte Ihre ganz pers\u00f6nliche Auszeit und&nbsp; unterst\u00fctze Sie traumasensibel mit der caraniosacralen Resonanz, der F.M. Alexandertechnik und als Coach f\u00fcr Neurosystemische Integration.<\/p>\n","protected":false},"excerpt":{"rendered":"<p>Einzelsessions Craniosacrale Resonanz\/ Einzelstunden Alexandertechnik\/Traumasensibles Coaching Einzelsessions in craniosacraler Resonanz Eine Einzelstunde dauert 90 bis 120 Minuten incl. Vor- und Nachgespr\u00e4ch. Kosten. 90 bis 120 Euro pro Einheit \u00a0 Einzelstunden in Alexandertechnik: \u00a0 Einzelstunde: 60 Minuten f\u00fcr 60 Euro Paket<\/p>\n","protected":false},"author":1,"featured_media":0,"parent":0,"menu_order":0,"comment_status":"closed","ping_status":"closed","template":"","meta":{"footnotes":""},"class_list":["post-116","page","type-page","status-publish","hentry"],"_links":{"self":[{"href":"https:\/\/cl-balance.de\/index.php?rest_route=\/wp\/v2\/pages\/116","targetHints":{"allow":["GET"]}}],"collection":[{"href":"https:\/\/cl-balance.de\/index.php?rest_route=\/wp\/v2\/pages"}],"about":[{"href":"https:\/\/cl-balance.de\/index.php?rest_route=\/wp\/v2\/types\/page"}],"author":[{"embeddable":true,"href":"https:\/\/cl-balance.de\/index.php?rest_route=\/wp\/v2\/users\/1"}],"replies":[{"embeddable":true,"href":"https:\/\/cl-balance.de\/index.php?rest_route=%2Fwp%2Fv2%2Fcomments&post=116"}],"version-history":[{"count":27,"href":"https:\/\/cl-balance.de\/index.php?rest_route=\/wp\/v2\/pages\/116\/revisions"}],"predecessor-version":[{"id":1418,"href":"https:\/\/cl-balance.de\/index.php?rest_route=\/wp\/v2\/pages\/116\/revisions\/1418"}],"wp:attachment":[{"href":"https:\/\/cl-balance.de\/index.php?rest_route=%2Fwp%2Fv2%2Fmedia&parent=116"}],"curies":[{"name":"wp","href":"https:\/\/api.w.org\/{rel}","templated":true}]}}