{"id":1189,"date":"2023-04-16T14:01:48","date_gmt":"2023-04-16T12:01:48","guid":{"rendered":"https:\/\/cl-balance.de\/?page_id=1189"},"modified":"2026-02-22T11:14:48","modified_gmt":"2026-02-22T10:14:48","slug":"angebot-2-2","status":"publish","type":"page","link":"https:\/\/cl-balance.de\/?page_id=1189","title":{"rendered":"Angebote"},"content":{"rendered":"\n<h5><span style=\"color: #ff9900;\">Meine Angebote &#8211; f\u00fcr jeden etwas dabei<\/span><\/h5>\n\n\n\n<p><strong><a href=\"https:\/\/cl-balance.de\/?page_id=113\" data-type=\"page\" data-id=\"113\">Einzelstunden:<\/a><\/strong><\/p>\n\n\n\n<p>Es gibt verschiedene M\u00f6glichkeiten, wieder in Balance zu kommen.<\/p>\n\n\n\n<p>Entweder g\u00f6nnen Sie sich eine entspannende Einzelsession mit der <a href=\"https:\/\/cl-balance.de\/?page_id=125\"><strong><em>Craniosacralen Resonanz <\/em><\/strong><\/a>auf der Liege . In der Stille entsteht ein zentrierender Raum, in dem K\u00f6rper und Geist wieder in&nbsp; Balance kommen.<\/p>\n\n\n\n<p>Oder Sie wollen selbst aktiv werden und nehmen Einzelstunden in der <a href=\"https:\/\/cl-balance.de\/?page_id=121\"><strong><em>Alexandertechnik<\/em><\/strong><\/a>, um ihren pers\u00f6nlichen Themen f\u00fcr den Alltag und Beruf mit seinen Herausforderungen neu zu begegnen. Auch hier k\u00f6nnen wir entspannt auf der Liege beginnen und dann an Bewegungen und Situationen arbeiten.<\/p>\n\n\n\n<p><strong><a href=\"https:\/\/cl-balance.de\/?page_id=113\" data-type=\"page\" data-id=\"113\">Workshops:<\/a><\/strong><\/p>\n\n\n\n<p>Meine Workshops sind geeignet, um die Alexandertechnik in einer Gruppe kennenzulernen, was oft eine starke Wirkung hat und Spa\u00df macht. Hierzu gibt es Tages- oder Halbtagesworkshops in meinem Angebot. <\/p>\n\n\n\n<p><strong><a href=\"https:\/\/cl-balance.de\/?page_id=113\" data-type=\"page\" data-id=\"113\">Retreats:<\/a><\/strong><\/p>\n\n\n\n<p>In Retreats zwischen drei und acht Tagen k\u00f6nnen Sie intensiv in die Arbeit nach F.M. Alexandertechnik eintauchen und nachhaltige Effekte mit nach Hause nehmen. Diese biete ich in Zusammenarbeit mit Movebodymind Stra\u00dfburg\/K\u00f6ln <a href=\"https:\/\/www.alexander-training.com\/\" target=\"_blank\" rel=\"noreferrer noopener\">https:\/\/www.alexander-training.com<\/a>. In&nbsp; Deutschland (Dorsten, Paderborn, K\u00f6ln) oder in Frankreich (Elsass, Vogesen)an. Hier gibt es Gelegenheit, mit der Gruppe tief in die Prozesse einzutauchen, mit tollen Menschen Zeit an wundersch\u00f6nen Seminarorten zu verbringen und auch als Neuling einzusteigen.<\/p>\n\n\n\n<p>Ich bin mir sicher, wir finden genau das Richtige f\u00fcr ihre Bed\u00fcrfnisse. Sprechen Sie mich gerne an und vereinbaren Sie einen kostenlosen, <a href=\"https:\/\/cl-balance.de\/?page_id=132\">telefonischen Beratungstermin<\/a> von 30 Minuten.<\/p>\n\n\n\n<p><strong><a href=\"https:\/\/cl-balance.de\/?page_id=1264\" data-type=\"URL\" data-id=\"https:\/\/cl-balance.de\/?page_id=1264\">Specials: Schulungen und Einzelsitzungen vor Ort<\/a><\/strong><\/p>\n\n\n\n<ul class=\"wp-block-list\">\n<li>Auf Anfrage <em><strong>Hausbesuche<\/strong><\/em> mit meiner mobilen Liege<\/li>\n\n\n\n<li><strong><em>Vortr\u00e4ge und Wohnzimmerkurse<\/em><\/strong>, wenn Sie sich mit Ihren Freunden, Nachbarn, Kollegen etwas Besonderes g\u00f6nnen wollen. Laden Sie mich ein. Wir werden gemeinsam sch\u00f6ne Stunden haben, unterhaltsam, lehrreich und gesundheitsf\u00f6rdernd.<\/li>\n\n\n\n<li><strong><em>Coaching am Arbeitsplatz<\/em><\/strong> sehr gern auf Anfrage, f\u00fcr B\u00fcromenschen, f\u00fcr k\u00f6rperlich Beanspruchte, als Eltern und Menschen in sozialen Berufen<\/li>\n<\/ul>\n\n\n\n<p>Nutzen Sie gern mein Angebot des <a href=\"https:\/\/cl-balance.de\/?page_id=132\">kostenlosen Erstgepr\u00e4chs.<\/a><\/p>\n","protected":false},"excerpt":{"rendered":"<p>Meine Angebote &#8211; f\u00fcr jeden etwas dabei Einzelstunden: Es gibt verschiedene M\u00f6glichkeiten, wieder in Balance zu kommen. Entweder g\u00f6nnen Sie sich eine entspannende Einzelsession mit der Craniosacralen Resonanz auf der Liege . In der Stille entsteht ein zentrierender Raum, in<\/p>\n","protected":false},"author":1,"featured_media":0,"parent":0,"menu_order":0,"comment_status":"closed","ping_status":"closed","template":"","meta":{"footnotes":""},"class_list":["post-1189","page","type-page","status-publish","hentry"],"_links":{"self":[{"href":"https:\/\/cl-balance.de\/index.php?rest_route=\/wp\/v2\/pages\/1189","targetHints":{"allow":["GET"]}}],"collection":[{"href":"https:\/\/cl-balance.de\/index.php?rest_route=\/wp\/v2\/pages"}],"about":[{"href":"https:\/\/cl-balance.de\/index.php?rest_route=\/wp\/v2\/types\/page"}],"author":[{"embeddable":true,"href":"https:\/\/cl-balance.de\/index.php?rest_route=\/wp\/v2\/users\/1"}],"replies":[{"embeddable":true,"href":"https:\/\/cl-balance.de\/index.php?rest_route=%2Fwp%2Fv2%2Fcomments&post=1189"}],"version-history":[{"count":9,"href":"https:\/\/cl-balance.de\/index.php?rest_route=\/wp\/v2\/pages\/1189\/revisions"}],"predecessor-version":[{"id":1414,"href":"https:\/\/cl-balance.de\/index.php?rest_route=\/wp\/v2\/pages\/1189\/revisions\/1414"}],"wp:attachment":[{"href":"https:\/\/cl-balance.de\/index.php?rest_route=%2Fwp%2Fv2%2Fmedia&parent=1189"}],"curies":[{"name":"wp","href":"https:\/\/api.w.org\/{rel}","templated":true}]}}