{"id":125,"date":"2021-02-05T22:04:36","date_gmt":"2021-02-05T21:04:36","guid":{"rendered":"https:\/\/cl-balance.de\/?page_id=125"},"modified":"2025-11-02T20:46:19","modified_gmt":"2025-11-02T19:46:19","slug":"craniosacrale-resonanz","status":"publish","type":"page","link":"https:\/\/cl-balance.de\/?page_id=125","title":{"rendered":"Craniosacrale Resonanz"},"content":{"rendered":"\n<p><img loading=\"lazy\" decoding=\"async\" class=\"alignleft wp-image-750\" src=\"https:\/\/cl-balance.de\/wp-content\/uploads\/2021\/03\/IMG_2927_gCweb-201x300.jpg\" alt=\"\" width=\"250\" height=\"373\" srcset=\"https:\/\/cl-balance.de\/wp-content\/uploads\/2021\/03\/IMG_2927_gCweb-201x300.jpg 201w, https:\/\/cl-balance.de\/wp-content\/uploads\/2021\/03\/IMG_2927_gCweb-687x1024.jpg 687w, https:\/\/cl-balance.de\/wp-content\/uploads\/2021\/03\/IMG_2927_gCweb-768x1146.jpg 768w, https:\/\/cl-balance.de\/wp-content\/uploads\/2021\/03\/IMG_2927_gCweb-1030x1536.jpg 1030w, https:\/\/cl-balance.de\/wp-content\/uploads\/2021\/03\/IMG_2927_gCweb.jpg 1373w\" sizes=\"auto, (max-width: 250px) 100vw, 250px\" \/>Die Craniosacrale Resonanz erlaubt uns, die ganz eigene innere Qualit\u00e4t und reines Bewusstsein zu erleben und Entspannung auf der Liege zu erfahren. <br \/>Ich unterst\u00fctze Sie dabei durch meine achtsame und respektvolle Ber\u00fchrung und Pr\u00e4senz.<br \/>Es \u00f6ffnet sich ein mit Stille gef\u00fcllter Raum, indem Selbstheilung stattfinden kann. <br \/>Mit pr\u00e4zisen Handgriffen nehme ich Disbalancen in Ihrem System wahr und unterst\u00fctze dieses, wieder in Balance zu kommen.<\/p>\n<p>Die\u00a0 Craniosacrale Resonanz erm\u00f6glicht ein liebevolles Hineinf\u00fchlen in tiefere Schichten unseres K\u00f6rpers und \u00f6ffnet dabei den Kontakt zur st\u00e4rkenden inneren Mitte. Alte Blockierungen l\u00f6sen sich auf, und es entsteht ein freudiges und gesundes Lebensgef\u00fchl.<\/p>\n<p>Die Einzelarbeit findet in einer ruhigen entspannten Atmosph\u00e4re in bequemer Kleidung auf der Liege statt.<\/p>\n<p>Empfehlenswert sind <strong>5 bis 10 Sitzungen<\/strong>, die je nach Bedarf in w\u00f6chentlichen oder monatlichen Abst\u00e4nden wahrgenommen werden k\u00f6nnen.<br \/><strong>Dauer einer Sitzung:<\/strong> ca. 90 Minuten incl. Vor- und Nachgespr\u00e4ch<br \/><strong>Kosten:<\/strong> 70 bis 90 Euro.<\/p>\n<p><strong>Anwendungsgebiete:<\/strong><\/p>\n<ul style=\"list-style-type: square;\">\n<li>Prophylaxe und Immunst\u00e4rkung<\/li>\n<li>Regulierung der Selbstheilungskr\u00e4fte<\/li>\n<li>L\u00f6sung von Schockzust\u00e4nden<\/li>\n<li>Unterst\u00fctzung bei chronischen Erkrankungen<\/li>\n<li>zur Harmonisierung des autonomen Nervensystems<\/li>\n<li>zur Regeneration beim Burn-out-Syndrom<\/li>\n<li>zur seelischen Stabilisierung<\/li>\n<li>bei eingeschr\u00e4nkter Beweglichkeit<\/li>\n<li>bei mangelnder Vitalit\u00e4t, Freude, Leichtigkeit<\/li>\n<\/ul>\n<p>Die Craniosacral Resonanz <em>unterst\u00fctzt die Selbstheilungskr\u00e4fte<\/em> und ersetzt keine schulmedizinische Diagnostik und Therapie\/ Behandlung.<\/p>\n<p>Sie kann begleitend in Zusammenarbeit mit dem Arzt und der Schulmedizin im geistig-energetischen Sinn eingesetzt werden.<\/p>\n\n\n\n<p><\/p>\n","protected":false},"excerpt":{"rendered":"<p>Die Craniosacrale Resonanz erlaubt uns, die ganz eigene innere Qualit\u00e4t und reines Bewusstsein zu erleben und Entspannung auf der Liege zu erfahren. Ich unterst\u00fctze Sie dabei durch meine achtsame und respektvolle Ber\u00fchrung und Pr\u00e4senz.Es \u00f6ffnet sich ein mit Stille gef\u00fcllter<\/p>\n","protected":false},"author":1,"featured_media":0,"parent":0,"menu_order":0,"comment_status":"closed","ping_status":"closed","template":"","meta":{"footnotes":""},"class_list":["post-125","page","type-page","status-publish","hentry"],"_links":{"self":[{"href":"https:\/\/cl-balance.de\/index.php?rest_route=\/wp\/v2\/pages\/125","targetHints":{"allow":["GET"]}}],"collection":[{"href":"https:\/\/cl-balance.de\/index.php?rest_route=\/wp\/v2\/pages"}],"about":[{"href":"https:\/\/cl-balance.de\/index.php?rest_route=\/wp\/v2\/types\/page"}],"author":[{"embeddable":true,"href":"https:\/\/cl-balance.de\/index.php?rest_route=\/wp\/v2\/users\/1"}],"replies":[{"embeddable":true,"href":"https:\/\/cl-balance.de\/index.php?rest_route=%2Fwp%2Fv2%2Fcomments&post=125"}],"version-history":[{"count":19,"href":"https:\/\/cl-balance.de\/index.php?rest_route=\/wp\/v2\/pages\/125\/revisions"}],"predecessor-version":[{"id":1394,"href":"https:\/\/cl-balance.de\/index.php?rest_route=\/wp\/v2\/pages\/125\/revisions\/1394"}],"wp:attachment":[{"href":"https:\/\/cl-balance.de\/index.php?rest_route=%2Fwp%2Fv2%2Fmedia&parent=125"}],"curies":[{"name":"wp","href":"https:\/\/api.w.org\/{rel}","templated":true}]}}