{"id":1264,"date":"2023-04-18T15:10:41","date_gmt":"2023-04-18T13:10:41","guid":{"rendered":"https:\/\/cl-balance.de\/?page_id=1264"},"modified":"2026-02-22T11:10:13","modified_gmt":"2026-02-22T10:10:13","slug":"entspannter-sitzen-coaching-fuer-den-pc-arbeitsplatz","status":"publish","type":"page","link":"https:\/\/cl-balance.de\/?page_id=1264","title":{"rendered":"Special"},"content":{"rendered":"\n<h5 class=\"wp-block-heading\"><span style=\"color: #ff9900;\">Entspannter Sitzen: Coaching f\u00fcr den PC- Arbeitsplatz&nbsp;<\/span><\/h5>\n\n\n\n<p><strong>Art:<\/strong>&nbsp;dreiteiliger Kurs<br><strong>Zeit:<\/strong>&nbsp;jederzeit buchbar, auch direkt am Arbeitsplatz m\u00f6glich, einzeln oder bis max 3 TeilnehmerInnen<br><strong>Datum:<\/strong>&nbsp;auf Anfrage individuell buchbar<br><strong>Kosten:<\/strong>&nbsp;180 \u20ac<br><strong>Ort:<\/strong>&nbsp;direkt an ihrem Arbeitsplatz oder in meinem privaten Praxisraum<br><strong>Kontakt:<\/strong>&nbsp;0176 97826019&nbsp; \u2013&nbsp;&nbsp;<a href=\"mailto:clementine@cl-balance.de\">clementine@cl-balance.de<\/a><\/p>\n\n\n\n<p>Die Alexandertechnik bietet Werkzeuge, um ein anatomisch angemesseneres Sitzen zu erfahren. Einblicke in die Funktionsweise unseres K\u00f6rper und das Erlernen von neuen Sitz- und Haltungsm\u00f6glichkeiten f\u00fchren zu entspannterem Sitzen.<br>Schmerzen und Verspannungen k\u00f6nnen so entgegengewirkt werden.<\/p>\n\n\n\n<p>Der Kurs gibt auch gen\u00fcgend Gelegenheit, individuelle Fragen der Teilnehmer&nbsp; zu bearbeiten.<\/p>\n\n\n\n<h5><span style=\"color: #ff9900;\">Personal Retreat\u00a0<\/span><\/h5>\n<p><strong>Leitung:<\/strong>\u00a0\u00a0Clementine L\u00f6seke<img loading=\"lazy\" decoding=\"async\" class=\" wp-image-569 alignright\" src=\"https:\/\/cl-balance.de\/wp-content\/uploads\/2021\/02\/USWK4485-e1613978083981-259x300.jpg\" sizes=\"auto, (max-width: 355px) 100vw, 355px\" srcset=\"https:\/\/cl-balance.de\/wp-content\/uploads\/2021\/02\/USWK4485-e1613978083981-259x300.jpg 259w, https:\/\/cl-balance.de\/wp-content\/uploads\/2021\/02\/USWK4485-e1613978083981-884x1024.jpg 884w, https:\/\/cl-balance.de\/wp-content\/uploads\/2021\/02\/USWK4485-e1613978083981-768x889.jpg 768w, https:\/\/cl-balance.de\/wp-content\/uploads\/2021\/02\/USWK4485-e1613978083981.jpg 1025w\" alt=\"\" width=\"355\" height=\"411\" \/><br \/><strong>Art:<\/strong> inividuelles Begleiten: 5 mal von Mittwoch bis Sonntag oder nach Absprache<br \/><strong>Zeit:<\/strong>\u00a0t\u00e4glich ca. 2 Stunden nach Absprache<br \/><strong>Datum:<\/strong>\u00a0jederzeit buchbar nach Anfrage<br \/><strong>Kosten:<\/strong> f\u00fcr eine Woche 600 Euro<br \/><strong>Ort:<\/strong>\u00a0 in der Natur, bei Wunsch bei meinem Pferd und in meinem privaten Praxisraum<\/p>\n<p><strong>Nehmen Sie sich Ihre pers\u00f6nliche Auszeit!<\/strong><\/p>\n<p>Das Retreat wird pers\u00f6nlich auf Ihre Bed\u00fcrfnisse zugeschnitten und bietet Gelegenheit, mal aus dem gewohnten Alltagstrott auszutreten, von Ihrem Gewohnten loszulassen, den Kopf freizubekommen von zerm\u00fcrbenden Gedanken und in andere Dimensionen des Seins einzutauchen.\u00a0<\/p>\n<p>Bei mir erleben Sie einen achtsamen, traumasensilblen, sicheren Raum, indem Sie das Tempo bestimmen.<\/p>\n<p>Mit Sessions auf der Liege, beim Wandern, Gehen und Sehen, beim Radeln oder im Kontakt mit meiner lieben Islandpferdestute Kn\u00e0.<\/p>\n<p>Sie werden ausspannen und Alltagsbewegungen neu entdecken. Ich gestalte Ihre ganz pers\u00f6nliche Auszeit und\u00a0 unterst\u00fctze Sie mit der biodynamischen caraniosacralen Resonanz und dem Spielfeld der Alexandertechnik, traumasensiblen Coaching, Nervensysthemregulation.<\/p>\n","protected":false},"excerpt":{"rendered":"<p>Entspannter Sitzen: Coaching f\u00fcr den PC- Arbeitsplatz&nbsp; Art:&nbsp;dreiteiliger KursZeit:&nbsp;jederzeit buchbar, auch direkt am Arbeitsplatz m\u00f6glich, einzeln oder bis max 3 TeilnehmerInnenDatum:&nbsp;auf Anfrage individuell buchbarKosten:&nbsp;180 \u20acOrt:&nbsp;direkt an ihrem Arbeitsplatz oder in meinem privaten PraxisraumKontakt:&nbsp;0176 97826019&nbsp; \u2013&nbsp;&nbsp;clementine@cl-balance.de Die Alexandertechnik bietet Werkzeuge, um<\/p>\n","protected":false},"author":2,"featured_media":0,"parent":0,"menu_order":0,"comment_status":"closed","ping_status":"closed","template":"","meta":{"footnotes":""},"class_list":["post-1264","page","type-page","status-publish","hentry"],"_links":{"self":[{"href":"https:\/\/cl-balance.de\/index.php?rest_route=\/wp\/v2\/pages\/1264","targetHints":{"allow":["GET"]}}],"collection":[{"href":"https:\/\/cl-balance.de\/index.php?rest_route=\/wp\/v2\/pages"}],"about":[{"href":"https:\/\/cl-balance.de\/index.php?rest_route=\/wp\/v2\/types\/page"}],"author":[{"embeddable":true,"href":"https:\/\/cl-balance.de\/index.php?rest_route=\/wp\/v2\/users\/2"}],"replies":[{"embeddable":true,"href":"https:\/\/cl-balance.de\/index.php?rest_route=%2Fwp%2Fv2%2Fcomments&post=1264"}],"version-history":[{"count":14,"href":"https:\/\/cl-balance.de\/index.php?rest_route=\/wp\/v2\/pages\/1264\/revisions"}],"predecessor-version":[{"id":1411,"href":"https:\/\/cl-balance.de\/index.php?rest_route=\/wp\/v2\/pages\/1264\/revisions\/1411"}],"wp:attachment":[{"href":"https:\/\/cl-balance.de\/index.php?rest_route=%2Fwp%2Fv2%2Fmedia&parent=1264"}],"curies":[{"name":"wp","href":"https:\/\/api.w.org\/{rel}","templated":true}]}}