{"id":373,"date":"2021-02-20T07:49:08","date_gmt":"2021-02-20T06:49:08","guid":{"rendered":"https:\/\/cl-balance.de\/?page_id=373"},"modified":"2021-03-13T17:47:42","modified_gmt":"2021-03-13T16:47:42","slug":"alexanderzechnik-fragestellung","status":"publish","type":"page","link":"https:\/\/cl-balance.de\/?page_id=373","title":{"rendered":"Fragestellung"},"content":{"rendered":"\n<p><img loading=\"lazy\" decoding=\"async\" class=\"wp-image-193 alignleft\" src=\"https:\/\/cl-balance.de\/wp-content\/uploads\/2021\/02\/IMG_8054-191x300.jpg\" alt=\"\" width=\"250\" height=\"393\" srcset=\"https:\/\/cl-balance.de\/wp-content\/uploads\/2021\/02\/IMG_8054-191x300.jpg 191w, https:\/\/cl-balance.de\/wp-content\/uploads\/2021\/02\/IMG_8054-653x1024.jpg 653w, https:\/\/cl-balance.de\/wp-content\/uploads\/2021\/02\/IMG_8054-768x1204.jpg 768w, https:\/\/cl-balance.de\/wp-content\/uploads\/2021\/02\/IMG_8054-980x1536.jpg 980w, https:\/\/cl-balance.de\/wp-content\/uploads\/2021\/02\/IMG_8054-1307x2048.jpg 1307w, https:\/\/cl-balance.de\/wp-content\/uploads\/2021\/02\/IMG_8054-scaled.jpg 1633w\" sizes=\"auto, (max-width: 250px) 100vw, 250px\" \/><\/p>\n<ul style=\"list-style-type: circle;\">\n<li>Wie kann ich meine Schmerzen im K\u00f6rper lindern?<br \/><br \/><\/li>\n<li>Wie kann ich wiederkehrende Beschwerden im R\u00fccken, Nacken und Schulterbereich vermeiden?<br \/><br \/><\/li>\n<li>Wie kann ich selbstsicherer werden?<br \/><br \/><\/li>\n<li>Wie kann ich meine innere und \u00e4u\u00dfere Ausstrahlung verbessern?<br \/><br \/><\/li>\n<li>Wie kann ich\u00a0 in mehr Einklang mit mir kommen?<br \/><br \/><\/li>\n<li>Wie kann ich herausfordernde Situationen besser meistern?<br \/><br \/><\/li>\n<li>Wie kann ich meinen Alltag freudvoller und leichter gestalten?<br \/><br \/><\/li>\n<li>Wie kann ich bewusster agieren statt nur zu reagieren?<br \/><br \/><\/li>\n<li>Wie kann ich\u00a0 meine allt\u00e4glichen T\u00e4tigkeiten leichter und ges\u00fcnder gestalten?<br \/><br \/><\/li>\n<li>Wie werde ich achtsamer und bewusster im Alltag?<br \/><br \/><\/li>\n<li>Wie kann ich meine Freizeitaktivit\u00e4ten noch mehr genie\u00dfen?<br \/><br \/><\/li>\n<li>Welche Glaubenss\u00e4tze und Blockaden hindern mich?<\/li>\n<\/ul>\n\n\n\n<p><strong>Wenn ein oder zwei Fragen Ihr Interesse wecken, ist die Alexandertechnik hilfreich f\u00fcr Sie.<\/strong><\/p>\n\n\n\n<p>Sie wollen etwas ver\u00e4ndern und selbst aktiv werden?<\/p>\n\n\n\n<p>Der Alltag ist das Fitnessstudio der Alexandertechnik, es sind keine besonderen Ger\u00e4te, \u00dcbungen oder Zeitfenster notwendig, sondern sie ist direkt im Alltag umsetzbar. Es ist ein Lernprozess f\u00fcr einen besseren Umgang mit sich Selbst.<\/p>\n\n\n\n<p>Ich freue mich auf unseren Kontakt&nbsp;<a href=\"mailto:clementine@cl-balance.de\">clementine@cl-balance.de&nbsp;&nbsp;<\/a><\/p>\n","protected":false},"excerpt":{"rendered":"<p>Wie kann ich meine Schmerzen im K\u00f6rper lindern? Wie kann ich wiederkehrende Beschwerden im R\u00fccken, Nacken und Schulterbereich vermeiden? Wie kann ich selbstsicherer werden? Wie kann ich meine innere und \u00e4u\u00dfere Ausstrahlung verbessern? Wie kann ich\u00a0 in mehr Einklang mit<\/p>\n","protected":false},"author":1,"featured_media":0,"parent":0,"menu_order":0,"comment_status":"closed","ping_status":"closed","template":"","meta":{"footnotes":""},"class_list":["post-373","page","type-page","status-publish","hentry"],"_links":{"self":[{"href":"https:\/\/cl-balance.de\/index.php?rest_route=\/wp\/v2\/pages\/373","targetHints":{"allow":["GET"]}}],"collection":[{"href":"https:\/\/cl-balance.de\/index.php?rest_route=\/wp\/v2\/pages"}],"about":[{"href":"https:\/\/cl-balance.de\/index.php?rest_route=\/wp\/v2\/types\/page"}],"author":[{"embeddable":true,"href":"https:\/\/cl-balance.de\/index.php?rest_route=\/wp\/v2\/users\/1"}],"replies":[{"embeddable":true,"href":"https:\/\/cl-balance.de\/index.php?rest_route=%2Fwp%2Fv2%2Fcomments&post=373"}],"version-history":[{"count":16,"href":"https:\/\/cl-balance.de\/index.php?rest_route=\/wp\/v2\/pages\/373\/revisions"}],"predecessor-version":[{"id":777,"href":"https:\/\/cl-balance.de\/index.php?rest_route=\/wp\/v2\/pages\/373\/revisions\/777"}],"wp:attachment":[{"href":"https:\/\/cl-balance.de\/index.php?rest_route=%2Fwp%2Fv2%2Fmedia&parent=373"}],"curies":[{"name":"wp","href":"https:\/\/api.w.org\/{rel}","templated":true}]}}