{"id":384,"date":"2021-02-20T07:58:22","date_gmt":"2021-02-20T06:58:22","guid":{"rendered":"https:\/\/cl-balance.de\/?page_id=384"},"modified":"2021-03-04T21:09:59","modified_gmt":"2021-03-04T20:09:59","slug":"clementine-referenzen","status":"publish","type":"page","link":"https:\/\/cl-balance.de\/?page_id=384","title":{"rendered":"Referenzen"},"content":{"rendered":"\n<p><span style=\"color: #000000;\"><em>\u201eClementine ist ein Herz, ein gro\u00dfes Herz. <br \/><\/em><\/span><span style=\"color: #000000;\"><em>Sie f\u00fchlt fein mit den H\u00e4nden und dem ganzen Wesen. <\/em><\/span><br \/><span style=\"color: #000000;\"><em><br \/>Angereichert mit zwei gro\u00dfz\u00fcgigen Portionen Lebensfreude und Lebensweisheit sowie einem kr\u00e4ftigen Schuss westf\u00e4lischer Bodenst\u00e4ndigkeit ergibt das eine besondere Mischung. <\/em><\/span><\/p>\n<p><span style=\"color: #000000;\"><em>Von Mensch zu Mensch entsteht mit ihr Raum f\u00fcr Tiefe mit und ohne Worte, spritzige Vergn\u00fcgtheit und munteres Ausprobieren statt einfach nur Studieren.<\/em><\/span><br \/><span style=\"color: #000000;\"><em> <br \/>In diesem Klima kann sich jeder und jede willkommen f\u00fchlen und Ver\u00e4nderung wird eine Kunst.<\/em><\/span><br \/><span style=\"color: #000000;\"><em> Die Lust auf mehr macht.\u201c<\/em><\/span><\/p>\n<p><strong><span style=\"color: #000000;\"><em><span style=\"color: #ff9900;\"> (Hendrik Klein, Lehrer f\u00fcr Alexandertechnik, Stra\u00dfburg)<\/span><\/em><\/span><\/strong><\/p>\n<p>\u00a0<\/p>\n\n\n\n<p><\/p>\n","protected":false},"excerpt":{"rendered":"<p>\u201eClementine ist ein Herz, ein gro\u00dfes Herz. Sie f\u00fchlt fein mit den H\u00e4nden und dem ganzen Wesen. Angereichert mit zwei gro\u00dfz\u00fcgigen Portionen Lebensfreude und Lebensweisheit sowie einem kr\u00e4ftigen Schuss westf\u00e4lischer Bodenst\u00e4ndigkeit ergibt das eine besondere Mischung. Von Mensch zu Mensch<\/p>\n","protected":false},"author":1,"featured_media":0,"parent":0,"menu_order":0,"comment_status":"closed","ping_status":"closed","template":"","meta":{"footnotes":""},"class_list":["post-384","page","type-page","status-publish","hentry"],"_links":{"self":[{"href":"https:\/\/cl-balance.de\/index.php?rest_route=\/wp\/v2\/pages\/384","targetHints":{"allow":["GET"]}}],"collection":[{"href":"https:\/\/cl-balance.de\/index.php?rest_route=\/wp\/v2\/pages"}],"about":[{"href":"https:\/\/cl-balance.de\/index.php?rest_route=\/wp\/v2\/types\/page"}],"author":[{"embeddable":true,"href":"https:\/\/cl-balance.de\/index.php?rest_route=\/wp\/v2\/users\/1"}],"replies":[{"embeddable":true,"href":"https:\/\/cl-balance.de\/index.php?rest_route=%2Fwp%2Fv2%2Fcomments&post=384"}],"version-history":[{"count":12,"href":"https:\/\/cl-balance.de\/index.php?rest_route=\/wp\/v2\/pages\/384\/revisions"}],"predecessor-version":[{"id":697,"href":"https:\/\/cl-balance.de\/index.php?rest_route=\/wp\/v2\/pages\/384\/revisions\/697"}],"wp:attachment":[{"href":"https:\/\/cl-balance.de\/index.php?rest_route=%2Fwp%2Fv2%2Fmedia&parent=384"}],"curies":[{"name":"wp","href":"https:\/\/api.w.org\/{rel}","templated":true}]}}