{"id":4,"date":"2021-02-04T20:36:50","date_gmt":"2021-02-04T20:36:50","guid":{"rendered":"https:\/\/clbalance.live-website.com\/willkommen-auf-https-clbalance-live-website-com"},"modified":"2025-12-03T20:03:03","modified_gmt":"2025-12-03T19:03:03","slug":"willkommen-auf-https-clbalance-live-website-com","status":"publish","type":"page","link":"https:\/\/cl-balance.de\/","title":{"rendered":"Home"},"content":{"rendered":"\n<h4 style=\"text-align: left;\"><em><strong><span style=\"color: #ff9900;\">\u201eWenn wir nicht mehr in der Lage sind die Situation zu \u00e4ndern, besteht die Herausforderung darin uns Selbst zu \u00e4ndern.\u201d<\/span><\/strong><\/em><\/h4>\n<h4 style=\"text-align: left;\"><em><strong><span style=\"color: #ff9900;\">Viktor Frankl<\/span><\/strong><\/em><\/h4>\n\n\n<p>Willkommen auf meiner Webseite,<br \/>es freut mich sehr, dass Sie den Weg zu mir gefunden haben.<\/p>\n<table style=\"border-collapse: collapse; width: 86.9467%; height: 331px;\">\n<tbody>\n<tr style=\"height: 282px;\">\n<td style=\"width: 29.886%; height: 282px;\"><img loading=\"lazy\" decoding=\"async\" class=\"alignnone wp-image-949 size-medium\" src=\"https:\/\/cl-balance.de\/wp-content\/uploads\/2021\/10\/CL_Profil-235x300.jpg\" alt=\"Clementine L\u00f6seke\" width=\"235\" height=\"300\" srcset=\"https:\/\/cl-balance.de\/wp-content\/uploads\/2021\/10\/CL_Profil-235x300.jpg 235w, https:\/\/cl-balance.de\/wp-content\/uploads\/2021\/10\/CL_Profil.jpg 750w\" sizes=\"auto, (max-width: 235px) 100vw, 235px\" \/><\/td>\n<td style=\"width: 101.667%; height: 282px;\">\n<p>Mein Name ist Clementine L\u00f6seke und ich bin Lehrerin f\u00fcr F.M. Alexandertechnik, Praktizierende der Craniosacralen Resonanz und Traumasensible Begleiterin, Coach f\u00fcr Neurosystemische Integration.<\/p>\n<p>Mit diesen Grundlagen helfe ich einzelnen Menschen, Leichtigkeit, Balance und Gesundheit in Ihr Leben zu bringen.<\/p>\n<p>Im Innern eines jedes Einzelnen von uns ist die Weisheit und das Wissen dar\u00fcber verborgen.<br \/>Durch den bewussten Kontakt zu uns selbst, finden wir zur\u00fcck in die Balance f\u00fcr K\u00f6rper, Geist und Seele und dadurch zu unserer Ganzheit.<\/p>\n<p>Sie an Ihrer Seite zu begleiten und Sie an meinem eigenen Schulungsweg teilhaben zu lassen und gemeinsam zu lernen, ist mir ein Herzensanliegen.<\/p>\n<\/td>\n<\/tr>\n<\/tbody>\n<\/table>\n<p>Ich freue mich auf Sie und unseren gemeinsamen Weg,<\/p>\n<p><em>Clementine L\u00f6seke<\/em><\/p>\n\n\n<p><\/p>\n","protected":false},"excerpt":{"rendered":"<p>\u201eWenn wir nicht mehr in der Lage sind die Situation zu \u00e4ndern, besteht die Herausforderung darin uns Selbst zu \u00e4ndern.\u201d Viktor Frankl Willkommen auf meiner Webseite,es freut mich sehr, dass Sie den Weg zu mir gefunden haben. Mein Name ist<\/p>\n","protected":false},"author":1,"featured_media":0,"parent":0,"menu_order":0,"comment_status":"closed","ping_status":"open","template":"","meta":{"footnotes":""},"class_list":["post-4","page","type-page","status-publish","hentry"],"_links":{"self":[{"href":"https:\/\/cl-balance.de\/index.php?rest_route=\/wp\/v2\/pages\/4","targetHints":{"allow":["GET"]}}],"collection":[{"href":"https:\/\/cl-balance.de\/index.php?rest_route=\/wp\/v2\/pages"}],"about":[{"href":"https:\/\/cl-balance.de\/index.php?rest_route=\/wp\/v2\/types\/page"}],"author":[{"embeddable":true,"href":"https:\/\/cl-balance.de\/index.php?rest_route=\/wp\/v2\/users\/1"}],"replies":[{"embeddable":true,"href":"https:\/\/cl-balance.de\/index.php?rest_route=%2Fwp%2Fv2%2Fcomments&post=4"}],"version-history":[{"count":75,"href":"https:\/\/cl-balance.de\/index.php?rest_route=\/wp\/v2\/pages\/4\/revisions"}],"predecessor-version":[{"id":1401,"href":"https:\/\/cl-balance.de\/index.php?rest_route=\/wp\/v2\/pages\/4\/revisions\/1401"}],"wp:attachment":[{"href":"https:\/\/cl-balance.de\/index.php?rest_route=%2Fwp%2Fv2%2Fmedia&parent=4"}],"curies":[{"name":"wp","href":"https:\/\/api.w.org\/{rel}","templated":true}]}}