{"id":511,"date":"2021-02-21T19:22:24","date_gmt":"2021-02-21T18:22:24","guid":{"rendered":"https:\/\/cl-balance.de\/?page_id=511"},"modified":"2021-03-13T12:35:58","modified_gmt":"2021-03-13T11:35:58","slug":"cranio-2","status":"publish","type":"page","link":"https:\/\/cl-balance.de\/?page_id=511","title":{"rendered":"Mehr zur Cranio"},"content":{"rendered":"\n<p>Die Craniosacrale Resonanz arbeitet mit den Bewegungsrhythmen der Craniosacralen Fl\u00fcssigkeit, die im Gehirn produziert wird und von dort \u00fcber die Membranen in der Wirbels\u00e4ule zum Kreuzbein und in alle Nervenzellen flie\u00dft.<\/p>\n<p><img loading=\"lazy\" decoding=\"async\" class=\"alignleft wp-image-752\" src=\"https:\/\/cl-balance.de\/wp-content\/uploads\/2021\/03\/IMG_2877_gCweb-300x203.jpg\" alt=\"\" width=\"383\" height=\"259\" srcset=\"https:\/\/cl-balance.de\/wp-content\/uploads\/2021\/03\/IMG_2877_gCweb-300x203.jpg 300w, https:\/\/cl-balance.de\/wp-content\/uploads\/2021\/03\/IMG_2877_gCweb-1024x693.jpg 1024w, https:\/\/cl-balance.de\/wp-content\/uploads\/2021\/03\/IMG_2877_gCweb-768x520.jpg 768w, https:\/\/cl-balance.de\/wp-content\/uploads\/2021\/03\/IMG_2877_gCweb-1536x1040.jpg 1536w, https:\/\/cl-balance.de\/wp-content\/uploads\/2021\/03\/IMG_2877_gCweb.jpg 2048w\" sizes=\"auto, (max-width: 383px) 100vw, 383px\" \/><\/p>\n<p>\u00dcber das ven\u00f6se System wird der sogenannte Liquor wieder r\u00fcckresorbiert und in den Gehirnkammern gesammelt und aufgef\u00fcllt.<\/p>\n<p>Das Ab- und Anschwellen des Volumens im craniosacralen System f\u00fchrt zu rhythmischen Schwingungen, die an alle Zellen des K\u00f6rpers weitergegeben wird. Die Vitalit\u00e4t der Rhythmen dr\u00fccken Gesundheit aus.<\/p>\n\n\n\n<p>Diese Ressource nutzen wir in der Session, um k\u00f6rpereigene Selbstheilungskr\u00e4fte zu aktivieren und zu st\u00e4rken. Unser K\u00f6rper ist bestrebt, sich immer unter Nutzung dieser Rhythmen auszubalancieren. Die Praktizierende verbindet sich \u00fcber die Ber\u00fchrung mit den H\u00e4nden mit dem craniosacralen System und l\u00e4sst sich von den Rhythmen des craniosacralen Flusses f\u00fchren.<\/p>\n","protected":false},"excerpt":{"rendered":"<p>Die Craniosacrale Resonanz arbeitet mit den Bewegungsrhythmen der Craniosacralen Fl\u00fcssigkeit, die im Gehirn produziert wird und von dort \u00fcber die Membranen in der Wirbels\u00e4ule zum Kreuzbein und in alle Nervenzellen flie\u00dft. \u00dcber das ven\u00f6se System wird der sogenannte Liquor wieder<\/p>\n","protected":false},"author":1,"featured_media":0,"parent":0,"menu_order":0,"comment_status":"closed","ping_status":"closed","template":"","meta":{"footnotes":""},"class_list":["post-511","page","type-page","status-publish","hentry"],"_links":{"self":[{"href":"https:\/\/cl-balance.de\/index.php?rest_route=\/wp\/v2\/pages\/511","targetHints":{"allow":["GET"]}}],"collection":[{"href":"https:\/\/cl-balance.de\/index.php?rest_route=\/wp\/v2\/pages"}],"about":[{"href":"https:\/\/cl-balance.de\/index.php?rest_route=\/wp\/v2\/types\/page"}],"author":[{"embeddable":true,"href":"https:\/\/cl-balance.de\/index.php?rest_route=\/wp\/v2\/users\/1"}],"replies":[{"embeddable":true,"href":"https:\/\/cl-balance.de\/index.php?rest_route=%2Fwp%2Fv2%2Fcomments&post=511"}],"version-history":[{"count":18,"href":"https:\/\/cl-balance.de\/index.php?rest_route=\/wp\/v2\/pages\/511\/revisions"}],"predecessor-version":[{"id":753,"href":"https:\/\/cl-balance.de\/index.php?rest_route=\/wp\/v2\/pages\/511\/revisions\/753"}],"wp:attachment":[{"href":"https:\/\/cl-balance.de\/index.php?rest_route=%2Fwp%2Fv2%2Fmedia&parent=511"}],"curies":[{"name":"wp","href":"https:\/\/api.w.org\/{rel}","templated":true}]}}