{"id":690,"date":"2021-03-04T21:02:46","date_gmt":"2021-03-04T20:02:46","guid":{"rendered":"https:\/\/cl-balance.de\/?page_id=690"},"modified":"2023-03-20T12:16:18","modified_gmt":"2023-03-20T11:16:18","slug":"cranio-refferenzen","status":"publish","type":"page","link":"https:\/\/cl-balance.de\/?page_id=690","title":{"rendered":"Cranio Referenze"},"content":{"rendered":"\n<div class=\"wp-block-group is-layout-constrained wp-block-group-is-layout-constrained\">\n<p>Clementine besucht regelm\u00e4\u00dfig seit 2012 meine Ausbildungsseminare, wo sie seit 2018 von mir zur Praktizierenden der Craniosacral-Resonanz zertifiziert wurde. Sie praktiziert mit Herz, Erfahrung und Bewusstsein. Durch Ihre ganzheitliche Arbeit wird Lebensenergie und Gesundheit wieder zu einem erf\u00fcllten Erleben der Klienten. Ich freue mich, Clementine in meinen Ausbildungs, -und Weiterbildungsangeboten der Craniosacralen Resonanz als Assistentin unterst\u00fctzend an meiner Seite zu haben.<\/p>\n\n\n\n<p><span style=\"color: #ff9900;\"><strong><em><span class=\"has-inline-color\">Indradhanu Petra Keagy<br \/>Dipl.BCST\/ Craniosacral Resonanz<br \/>Praktitioner und Trainer<br \/><\/span><\/em><\/strong><\/span><\/p>\n<p>\u00a0<\/p>\n<\/div>\n\n\n\n<p>&#8222;Entspanntes DASEIN, lauschen auf die Bewegungen im Inneren&#8230; K\u00f6rper und Geist d\u00fcrfen sich zur\u00fccklehnen und in der Seele baden. <br>Eine Craniosacrale Behandlung mit Clementine ist wie andocken an eine Ladestation f\u00fcr den gesamten Organismus.&#8220;<\/p>\n\n\n\n<p><span style=\"color: #ff9900;\"><strong><em><span class=\"has-inline-color\">Ilona, Hridaya Yoga<\/span><\/em><\/strong><\/span><\/p>\n<p>&nbsp;<\/p>\n\n\n\n<p><\/p>\n\n\n\n<p>Nach einem pers\u00f6nlichen Vorgespr\u00e4ch konnte ich mich gut auf die Craniobehandlung einlassen.<br> Schon w\u00e4hrend der Session sp\u00fcrte ich das Flie\u00dfen der Energie in mir.<br>Ich bin begeistert von Deiner feinf\u00fchligen Arbeit und einfach dankbar, dass ich mich wieder von Kopf bis Fu\u00df in Verbindung,<br> im Flu\u00df wahrnehme !<br>Mir geht es soviel besser!<br>Danke, dass es Dich gibt!<\/p>\n\n\n\n<p><span style=\"color: #ff9900;\"><strong><em><span class=\"has-inline-color\">Gudrun Kastens<br \/><\/span><\/em><\/strong><\/span><\/p>\n\n\n\n<p><\/p>\n","protected":false},"excerpt":{"rendered":"<p>Clementine besucht regelm\u00e4\u00dfig seit 2012 meine Ausbildungsseminare, wo sie seit 2018 von mir zur Praktizierenden der Craniosacral-Resonanz zertifiziert wurde. Sie praktiziert mit Herz, Erfahrung und Bewusstsein. Durch Ihre ganzheitliche Arbeit wird Lebensenergie und Gesundheit wieder zu einem erf\u00fcllten Erleben der<\/p>\n","protected":false},"author":1,"featured_media":0,"parent":0,"menu_order":0,"comment_status":"closed","ping_status":"closed","template":"","meta":{"footnotes":""},"class_list":["post-690","page","type-page","status-publish","hentry"],"_links":{"self":[{"href":"https:\/\/cl-balance.de\/index.php?rest_route=\/wp\/v2\/pages\/690","targetHints":{"allow":["GET"]}}],"collection":[{"href":"https:\/\/cl-balance.de\/index.php?rest_route=\/wp\/v2\/pages"}],"about":[{"href":"https:\/\/cl-balance.de\/index.php?rest_route=\/wp\/v2\/types\/page"}],"author":[{"embeddable":true,"href":"https:\/\/cl-balance.de\/index.php?rest_route=\/wp\/v2\/users\/1"}],"replies":[{"embeddable":true,"href":"https:\/\/cl-balance.de\/index.php?rest_route=%2Fwp%2Fv2%2Fcomments&post=690"}],"version-history":[{"count":33,"href":"https:\/\/cl-balance.de\/index.php?rest_route=\/wp\/v2\/pages\/690\/revisions"}],"predecessor-version":[{"id":1159,"href":"https:\/\/cl-balance.de\/index.php?rest_route=\/wp\/v2\/pages\/690\/revisions\/1159"}],"wp:attachment":[{"href":"https:\/\/cl-balance.de\/index.php?rest_route=%2Fwp%2Fv2%2Fmedia&parent=690"}],"curies":[{"name":"wp","href":"https:\/\/api.w.org\/{rel}","templated":true}]}}